{"id":32,"date":"2023-11-06T10:05:43","date_gmt":"2023-11-06T15:05:43","guid":{"rendered":"https:\/\/eltorotortilla.wpenginepowered.com\/es\/?page_id=32"},"modified":"2024-01-16T15:24:30","modified_gmt":"2024-01-16T20:24:30","slug":"sobre-nosotros","status":"publish","type":"page","link":"https:\/\/eltorotortillafactory.com\/es\/sobre-nosotros\/","title":{"rendered":"Sobre Nosotros"},"content":{"rendered":"\n<div class=\"wp-block-group alignfull\"><div class=\"wp-block-group__inner-container is-layout-constrained wp-block-group-is-layout-constrained\">\n<p>Nuestro fundador y presidente, David Bonilla, lleva generaciones perfeccionando el arte de la tortiller\u00eda. Aporta toda su habilidad culinaria y entusiasmo a nuestra familia y promete que \u00e9sta ser\u00e1 la mejor tortilla que usted pueda comprar. David se enorgullece de utilizar tecnolog\u00eda moderna combinada con la receta especial que sus antepasados utilizaban hace un siglo. Usted saborear\u00e1 la diferencia que proviene del verdadero linaje charro de nuestro due\u00f1o, nacido y criado aqu\u00ed mismo en el Suroeste.<\/p>\n\n\n\t\t\t\t\t<div\n\t\t\t\t\t\tclass=\"wp-block-uagb-image-gallery uagb-block-fa726f52     \"\n\t\t\t\t\t\tstyle=\"\"\n\t\t\t\t\t>\n\t\t\t\t\t\t\t\t\t\t\t<div class=\"spectra-image-gallery spectra-image-gallery__layout--grid spectra-image-gallery__layout--grid-col-3 spectra-image-gallery__layout--grid-col-tab-3 spectra-image-gallery__layout--grid-col-mob-2\">\n\t\t\t\t\t\t\t\t\t\t\t<div class='spectra-image-gallery__media-wrapper' data-spectra-gallery-image-id='301' tabindex=\"0\">\n\t\t\t\t\t\t\t<div class=\"spectra-image-gallery__media spectra-image-gallery__media--grid\">\n\t\t\t\t<picture>\n\t\t\t\t\t<source media=\"(min-width: 1024px)\" srcset=\"https:\/\/eltorotortillafactory.com\/es\/wp-content\/uploads\/sites\/2\/2024\/01\/grand-opening-img-1024x768.jpg\">\n\t\t\t\t\t<source media=\"(min-width: 768px)\" srcset=\"https:\/\/eltorotortillafactory.com\/es\/wp-content\/uploads\/sites\/2\/2024\/01\/grand-opening-img-1024x768.jpg\">\n\t\t\t\t\t<img decoding=\"async\" class=\"spectra-image-gallery__media-thumbnail spectra-image-gallery__media-thumbnail--grid\" src=\"https:\/\/eltorotortillafactory.com\/es\/wp-content\/uploads\/sites\/2\/2024\/01\/grand-opening-img-300x225.jpg\" alt=\"\" loading=\"lazy\" \/>\n\t\t\t\t<\/picture>\n\t\t\t\t<div class=\"spectra-image-gallery__media-thumbnail-blurrer\"><\/div>\n\t\t\t\t\t\t\t\t\t\t\t<div class=\"spectra-image-gallery__media-thumbnail-caption-wrapper spectra-image-gallery__media-thumbnail-caption-wrapper--overlay\"><\/div>\n\t\t\t\t\t\t\t\t<\/div>\n\t\t\t\t\t\t<\/div>\n\t\t\t\t\t\t<div class='spectra-image-gallery__media-wrapper' data-spectra-gallery-image-id='304' tabindex=\"0\">\n\t\t\t\t\t\t\t<div class=\"spectra-image-gallery__media spectra-image-gallery__media--grid\">\n\t\t\t\t<picture>\n\t\t\t\t\t<source media=\"(min-width: 1024px)\" srcset=\"https:\/\/eltorotortillafactory.com\/es\/wp-content\/uploads\/sites\/2\/2024\/01\/el-toro-staff-img-1024x768.jpg\">\n\t\t\t\t\t<source media=\"(min-width: 768px)\" srcset=\"https:\/\/eltorotortillafactory.com\/es\/wp-content\/uploads\/sites\/2\/2024\/01\/el-toro-staff-img-1024x768.jpg\">\n\t\t\t\t\t<img decoding=\"async\" class=\"spectra-image-gallery__media-thumbnail spectra-image-gallery__media-thumbnail--grid\" src=\"https:\/\/eltorotortillafactory.com\/es\/wp-content\/uploads\/sites\/2\/2024\/01\/el-toro-staff-img-300x225.jpg\" alt=\"\" loading=\"lazy\" \/>\n\t\t\t\t<\/picture>\n\t\t\t\t<div class=\"spectra-image-gallery__media-thumbnail-blurrer\"><\/div>\n\t\t\t\t\t\t\t\t\t\t\t<div class=\"spectra-image-gallery__media-thumbnail-caption-wrapper spectra-image-gallery__media-thumbnail-caption-wrapper--overlay\"><\/div>\n\t\t\t\t\t\t\t\t<\/div>\n\t\t\t\t\t\t<\/div>\n\t\t\t\t\t\t<div class='spectra-image-gallery__media-wrapper' data-spectra-gallery-image-id='303' tabindex=\"0\">\n\t\t\t\t\t\t\t<div class=\"spectra-image-gallery__media spectra-image-gallery__media--grid\">\n\t\t\t\t<picture>\n\t\t\t\t\t<source media=\"(min-width: 1024px)\" srcset=\"https:\/\/eltorotortillafactory.com\/es\/wp-content\/uploads\/sites\/2\/2024\/01\/business-inside-img-1024x768.jpg\">\n\t\t\t\t\t<source media=\"(min-width: 768px)\" srcset=\"https:\/\/eltorotortillafactory.com\/es\/wp-content\/uploads\/sites\/2\/2024\/01\/business-inside-img-1024x768.jpg\">\n\t\t\t\t\t<img decoding=\"async\" class=\"spectra-image-gallery__media-thumbnail spectra-image-gallery__media-thumbnail--grid\" src=\"https:\/\/eltorotortillafactory.com\/es\/wp-content\/uploads\/sites\/2\/2024\/01\/business-inside-img-300x225.jpg\" alt=\"\" loading=\"lazy\" \/>\n\t\t\t\t<\/picture>\n\t\t\t\t<div class=\"spectra-image-gallery__media-thumbnail-blurrer\"><\/div>\n\t\t\t\t\t\t\t\t\t\t\t<div class=\"spectra-image-gallery__media-thumbnail-caption-wrapper spectra-image-gallery__media-thumbnail-caption-wrapper--overlay\"><\/div>\n\t\t\t\t\t\t\t\t<\/div>\n\t\t\t\t\t\t<\/div>\n\t\t\t\t\t\t\t\t\t\t<\/div>\n\t\t\t\t\t\t\t\t\t\t\t\t\t\t\t\t\t\t<\/div>\n\t\t\t\t\t\t\t\t\t\t\t<div class='spectra-image-gallery__control-lightbox' tabindex='0'>\n\t\t\t\t\t\t\t\t\t\t\t<div class=\"swiper spectra-image-gallery__control-lightbox--main\" dir=\"\">\n\t\t\t\t\t<div class=\"swiper-wrapper\">\n\t\t\t\t\t\t\t\t\t\t\t\t\t\n\t\t\t\t\t\t\t<div class=\"swiper-slide\">\n\t\t\t\t\t\t\t\t<img class=\"swiper-lazy\" data-src=\"https:\/\/eltorotortillafactory.com\/es\/wp-content\/uploads\/sites\/2\/2024\/01\/grand-opening-img.jpg\" alt=\"\"\/>\n\t\t\t\t\t\t\t\t<div class=\"swiper-lazy-preloader swiper-lazy-preloader-white\"><\/div>\n\t\t\t\t\t\t\t\t\t\t\t\t\t\t\t<\/div>\n\t\t\t\t\t\t\t\t\t\t\t\t\t\n\t\t\t\t\t\t\t<div class=\"swiper-slide\">\n\t\t\t\t\t\t\t\t<img class=\"swiper-lazy\" data-src=\"https:\/\/eltorotortillafactory.com\/es\/wp-content\/uploads\/sites\/2\/2024\/01\/el-toro-staff-img.jpg\" alt=\"\"\/>\n\t\t\t\t\t\t\t\t<div class=\"swiper-lazy-preloader swiper-lazy-preloader-white\"><\/div>\n\t\t\t\t\t\t\t\t\t\t\t\t\t\t\t<\/div>\n\t\t\t\t\t\t\t\t\t\t\t\t\t\n\t\t\t\t\t\t\t<div class=\"swiper-slide\">\n\t\t\t\t\t\t\t\t<img class=\"swiper-lazy\" data-src=\"https:\/\/eltorotortillafactory.com\/es\/wp-content\/uploads\/sites\/2\/2024\/01\/business-inside-img.jpg\" alt=\"\"\/>\n\t\t\t\t\t\t\t\t<div class=\"swiper-lazy-preloader swiper-lazy-preloader-white\"><\/div>\n\t\t\t\t\t\t\t\t\t\t\t\t\t\t\t<\/div>\n\t\t\t\t\t\t\t\t\t\t\t<\/div>\n\t\t\t\t\t<div class=\"swiper-button-next\"><\/div>\n\t\t\t\t\t<div class=\"swiper-button-prev\"><\/div>\n\t\t\t\t<\/div>\t\t\t\n\t\t\t\t\t\t\t\t\t\t\t\t\t\t\t\t\t\t\t\t\t\t\t\t\t\t\t\t\t\t\t\t<button class='spectra-image-gallery__control-lightbox--close' aria-label=\"Close\">\n\t\t\t\t\t\t\t\t\t\t\t\t\t<svg xmlns=\"https:\/\/www.w3.org\/2000\/svg\" viewBox= \"0 0 320 512\"><path d=\"M310.6 361.4c12.5 12.5 12.5 32.75 0 45.25C304.4 412.9 296.2 416 288 416s-16.38-3.125-22.62-9.375L160 301.3L54.63 406.6C48.38 412.9 40.19 416 32 416S15.63 412.9 9.375 406.6c-12.5-12.5-12.5-32.75 0-45.25l105.4-105.4L9.375 150.6c-12.5-12.5-12.5-32.75 0-45.25s32.75-12.5 45.25 0L160 210.8l105.4-105.4c12.5-12.5 32.75-12.5 45.25 0s12.5 32.75 0 45.25l-105.4 105.4L310.6 361.4z\"><\/path><\/svg>\n\t\t\t\t\t\t\t\t\t\t\t\t<\/button>\n\t\t\t\t\t\t\t\t\t\t\t\t\t<\/div>\n\t\t\t\t\t\t\t\t\t<\/div><\/div>\n","protected":false},"excerpt":{"rendered":"<p>Nuestro fundador y presidente, David Bonilla, lleva generaciones perfeccionando el arte de la tortiller\u00eda. Aporta toda su habilidad culinaria y entusiasmo a nuestra familia y promete que \u00e9sta ser\u00e1 la mejor tortilla que usted pueda comprar. David se enorgullece de utilizar tecnolog\u00eda moderna combinada con la receta especial que sus antepasados utilizaban hace un siglo&#8230;. <a class=\"more-link\" href=\"https:\/\/eltorotortillafactory.com\/es\/sobre-nosotros\/\">[Leer M\u00e1s]<\/a><\/p>\n","protected":false},"author":1,"featured_media":0,"parent":0,"menu_order":0,"comment_status":"closed","ping_status":"closed","template":"","meta":{"_acf_changed":false,"inline_featured_image":false,"_uag_custom_page_level_css":"","_genesis_hide_title":false,"_genesis_hide_breadcrumbs":false,"_genesis_hide_singular_image":false,"_genesis_hide_footer_widgets":false,"_genesis_custom_body_class":"","_genesis_custom_post_class":"","_genesis_layout":"","footnotes":""},"class_list":{"0":"post-32","1":"page","2":"type-page","3":"status-publish","5":"entry","6":"has-post-thumbnail"},"acf":[],"yoast_head":"<!-- This site is optimized with the Yoast SEO plugin v26.3 - https:\/\/yoast.com\/wordpress\/plugins\/seo\/ -->\n<title>Sobre Nosotros - El Toro Tortillas Factory (Espa\u00f1ol)<\/title>\n<meta name=\"robots\" content=\"index, follow, max-snippet:-1, max-image-preview:large, max-video-preview:-1\" \/>\n<link rel=\"canonical\" href=\"https:\/\/eltorotortillafactory.com\/es\/sobre-nosotros\/\" \/>\n<meta property=\"og:locale\" content=\"es_MX\" \/>\n<meta property=\"og:type\" content=\"article\" \/>\n<meta property=\"og:title\" content=\"Sobre Nosotros - El Toro Tortillas Factory (Espa\u00f1ol)\" \/>\n<meta property=\"og:description\" content=\"Nuestro fundador y presidente, David Bonilla, lleva generaciones perfeccionando el arte de la tortiller\u00eda. Aporta toda su habilidad culinaria y entusiasmo a nuestra familia y promete que \u00e9sta ser\u00e1 la mejor tortilla que usted pueda comprar. David se enorgullece de utilizar tecnolog\u00eda moderna combinada con la receta especial que sus antepasados utilizaban hace un siglo.... [Leer M\u00e1s]\" \/>\n<meta property=\"og:url\" content=\"https:\/\/eltorotortillafactory.com\/es\/sobre-nosotros\/\" \/>\n<meta property=\"og:site_name\" content=\"El Toro Tortillas Factory (Espa\u00f1ol)\" \/>\n<meta property=\"article:modified_time\" content=\"2024-01-16T20:24:30+00:00\" \/>\n<meta name=\"twitter:card\" content=\"summary_large_image\" \/>\n<meta name=\"twitter:label1\" content=\"Tiempo de lectura\" \/>\n\t<meta name=\"twitter:data1\" content=\"1 minuto\" \/>\n<script type=\"application\/ld+json\" class=\"yoast-schema-graph\">{\"@context\":\"https:\/\/schema.org\",\"@graph\":[{\"@type\":\"WebPage\",\"@id\":\"https:\/\/eltorotortillafactory.com\/es\/sobre-nosotros\/\",\"url\":\"https:\/\/eltorotortillafactory.com\/es\/sobre-nosotros\/\",\"name\":\"Sobre Nosotros - El Toro Tortillas Factory (Espa\u00f1ol)\",\"isPartOf\":{\"@id\":\"https:\/\/eltorotortillafactory.com\/es\/#website\"},\"datePublished\":\"2023-11-06T15:05:43+00:00\",\"dateModified\":\"2024-01-16T20:24:30+00:00\",\"breadcrumb\":{\"@id\":\"https:\/\/eltorotortillafactory.com\/es\/sobre-nosotros\/#breadcrumb\"},\"inLanguage\":\"es\",\"potentialAction\":[{\"@type\":\"ReadAction\",\"target\":[\"https:\/\/eltorotortillafactory.com\/es\/sobre-nosotros\/\"]}]},{\"@type\":\"BreadcrumbList\",\"@id\":\"https:\/\/eltorotortillafactory.com\/es\/sobre-nosotros\/#breadcrumb\",\"itemListElement\":[{\"@type\":\"ListItem\",\"position\":1,\"name\":\"Home\",\"item\":\"https:\/\/eltorotortillafactory.com\/es\/\"},{\"@type\":\"ListItem\",\"position\":2,\"name\":\"Sobre Nosotros\"}]},{\"@type\":\"WebSite\",\"@id\":\"https:\/\/eltorotortillafactory.com\/es\/#website\",\"url\":\"https:\/\/eltorotortillafactory.com\/es\/\",\"name\":\"El Toro Tortillas Factory (Espa\u00f1ol)\",\"description\":\"\",\"potentialAction\":[{\"@type\":\"SearchAction\",\"target\":{\"@type\":\"EntryPoint\",\"urlTemplate\":\"https:\/\/eltorotortillafactory.com\/es\/?s={search_term_string}\"},\"query-input\":{\"@type\":\"PropertyValueSpecification\",\"valueRequired\":true,\"valueName\":\"search_term_string\"}}],\"inLanguage\":\"es\"}]}<\/script>\n<!-- \/ Yoast SEO plugin. -->","yoast_head_json":{"title":"Sobre Nosotros - El Toro Tortillas Factory (Espa\u00f1ol)","robots":{"index":"index","follow":"follow","max-snippet":"max-snippet:-1","max-image-preview":"max-image-preview:large","max-video-preview":"max-video-preview:-1"},"canonical":"https:\/\/eltorotortillafactory.com\/es\/sobre-nosotros\/","og_locale":"es_MX","og_type":"article","og_title":"Sobre Nosotros - El Toro Tortillas Factory (Espa\u00f1ol)","og_description":"Nuestro fundador y presidente, David Bonilla, lleva generaciones perfeccionando el arte de la tortiller\u00eda. Aporta toda su habilidad culinaria y entusiasmo a nuestra familia y promete que \u00e9sta ser\u00e1 la mejor tortilla que usted pueda comprar. David se enorgullece de utilizar tecnolog\u00eda moderna combinada con la receta especial que sus antepasados utilizaban hace un siglo.... [Leer M\u00e1s]","og_url":"https:\/\/eltorotortillafactory.com\/es\/sobre-nosotros\/","og_site_name":"El Toro Tortillas Factory (Espa\u00f1ol)","article_modified_time":"2024-01-16T20:24:30+00:00","twitter_card":"summary_large_image","twitter_misc":{"Tiempo de lectura":"1 minuto"},"schema":{"@context":"https:\/\/schema.org","@graph":[{"@type":"WebPage","@id":"https:\/\/eltorotortillafactory.com\/es\/sobre-nosotros\/","url":"https:\/\/eltorotortillafactory.com\/es\/sobre-nosotros\/","name":"Sobre Nosotros - El Toro Tortillas Factory (Espa\u00f1ol)","isPartOf":{"@id":"https:\/\/eltorotortillafactory.com\/es\/#website"},"datePublished":"2023-11-06T15:05:43+00:00","dateModified":"2024-01-16T20:24:30+00:00","breadcrumb":{"@id":"https:\/\/eltorotortillafactory.com\/es\/sobre-nosotros\/#breadcrumb"},"inLanguage":"es","potentialAction":[{"@type":"ReadAction","target":["https:\/\/eltorotortillafactory.com\/es\/sobre-nosotros\/"]}]},{"@type":"BreadcrumbList","@id":"https:\/\/eltorotortillafactory.com\/es\/sobre-nosotros\/#breadcrumb","itemListElement":[{"@type":"ListItem","position":1,"name":"Home","item":"https:\/\/eltorotortillafactory.com\/es\/"},{"@type":"ListItem","position":2,"name":"Sobre Nosotros"}]},{"@type":"WebSite","@id":"https:\/\/eltorotortillafactory.com\/es\/#website","url":"https:\/\/eltorotortillafactory.com\/es\/","name":"El Toro Tortillas Factory (Espa\u00f1ol)","description":"","potentialAction":[{"@type":"SearchAction","target":{"@type":"EntryPoint","urlTemplate":"https:\/\/eltorotortillafactory.com\/es\/?s={search_term_string}"},"query-input":{"@type":"PropertyValueSpecification","valueRequired":true,"valueName":"search_term_string"}}],"inLanguage":"es"}]}},"uagb_featured_image_src":{"full":false,"thumbnail":false,"medium":false,"medium_large":false,"large":false,"1536x1536":false,"2048x2048":false,"gform-image-choice-sm":false,"gform-image-choice-md":false,"gform-image-choice-lg":false,"woocommerce_thumbnail":false,"woocommerce_single":false,"woocommerce_gallery_thumbnail":false},"uagb_author_info":{"display_name":"El Toro Tortilla Support","author_link":"https:\/\/eltorotortillafactory.com\/es\/author\/eltorotortilla\/"},"uagb_comment_info":0,"uagb_excerpt":"Nuestro fundador y presidente, David Bonilla, lleva generaciones perfeccionando el arte de la tortiller\u00eda. Aporta toda su habilidad culinaria y entusiasmo a nuestra familia y promete que \u00e9sta ser\u00e1 la mejor tortilla que usted pueda comprar. David se enorgullece de utilizar tecnolog\u00eda moderna combinada con la receta especial que sus antepasados utilizaban hace un siglo....&hellip;","_links":{"self":[{"href":"https:\/\/eltorotortillafactory.com\/es\/wp-json\/wp\/v2\/pages\/32","targetHints":{"allow":["GET"]}}],"collection":[{"href":"https:\/\/eltorotortillafactory.com\/es\/wp-json\/wp\/v2\/pages"}],"about":[{"href":"https:\/\/eltorotortillafactory.com\/es\/wp-json\/wp\/v2\/types\/page"}],"author":[{"embeddable":true,"href":"https:\/\/eltorotortillafactory.com\/es\/wp-json\/wp\/v2\/users\/1"}],"replies":[{"embeddable":true,"href":"https:\/\/eltorotortillafactory.com\/es\/wp-json\/wp\/v2\/comments?post=32"}],"version-history":[{"count":0,"href":"https:\/\/eltorotortillafactory.com\/es\/wp-json\/wp\/v2\/pages\/32\/revisions"}],"wp:attachment":[{"href":"https:\/\/eltorotortillafactory.com\/es\/wp-json\/wp\/v2\/media?parent=32"}],"curies":[{"name":"wp","href":"https:\/\/api.w.org\/{rel}","templated":true}]}}